{"id":41,"date":"2025-07-23T16:30:58","date_gmt":"2025-07-23T14:30:58","guid":{"rendered":"https:\/\/edaction.bigberry.fr\/?page_id=41"},"modified":"2026-05-13T08:46:28","modified_gmt":"2026-05-13T06:46:28","slug":"cadre-de-vie-sante","status":"publish","type":"page","link":"https:\/\/edaction.bigberry.fr\/?page_id=41","title":{"rendered":"Infos pratiques"},"content":{"rendered":"\t\t<div data-elementor-type=\"wp-page\" data-elementor-id=\"41\" class=\"elementor elementor-41\" data-elementor-post-type=\"page\">\n\t\t\t\t<div class=\"elementor-element elementor-element-4dac790f e-con-full e-flex e-con e-parent\" data-id=\"4dac790f\" data-element_type=\"container\" data-e-type=\"container\" data-settings=\"{&quot;background_background&quot;:&quot;video&quot;,&quot;background_video_link&quot;:&quot;https:\\\/\\\/www.youtube.com\\\/watch?v=6MocOt8xBjo&quot;,&quot;background_video_start&quot;:17,&quot;background_play_on_mobile&quot;:&quot;yes&quot;,&quot;background_video_end&quot;:30}\">\n\t\t<div class=\"elementor-background-video-container\">\n\t\t\t\t\t\t\t<div class=\"elementor-background-video-embed\" role=\"presentation\"><\/div>\n\t\t\t\t\t\t<\/div><div class=\"elementor-element elementor-element-76af3b74 e-con-full e-grid e-con e-child\" data-id=\"76af3b74\" data-element_type=\"container\" data-e-type=\"container\" data-settings=\"{&quot;background_background&quot;:&quot;classic&quot;}\">\n\t\t\t\t<div class=\"elementor-element elementor-element-58aaa465 elementor-widget elementor-widget-heading\" data-id=\"58aaa465\" data-element_type=\"widget\" data-e-type=\"widget\" data-widget_type=\"heading.default\">\n\t\t\t\t\t<h2 class=\"elementor-heading-title elementor-size-default\">Et si vous entriez dans le film ?<\/h2>\t\t\t\t<\/div>\n\t\t\t\t<div class=\"elementor-element elementor-element-180c4002 elementor-widget elementor-widget-image\" data-id=\"180c4002\" data-element_type=\"widget\" data-e-type=\"widget\" data-widget_type=\"image.default\">\n\t\t\t\t\t\t\t\t\t\t\t\t\t\t\t<img fetchpriority=\"high\" decoding=\"async\" width=\"714\" height=\"423\" src=\"https:\/\/edaction.bigberry.fr\/wp-content\/uploads\/2025\/07\/logositeblcFichier-5.png\" class=\"attachment-large size-large wp-image-131\" alt=\"\" srcset=\"https:\/\/edaction.bigberry.fr\/wp-content\/uploads\/2025\/07\/logositeblcFichier-5.png 714w, https:\/\/edaction.bigberry.fr\/wp-content\/uploads\/2025\/07\/logositeblcFichier-5-300x178.png 300w\" sizes=\"(max-width: 714px) 100vw, 714px\" \/>\t\t\t\t\t\t\t\t\t\t\t\t\t\t\t<\/div>\n\t\t\t\t<\/div>\n\t\t\t\t<\/div>\n\t\t<div class=\"elementor-element elementor-element-712cf68f e-con-full e-flex e-con e-parent\" data-id=\"712cf68f\" data-element_type=\"container\" data-e-type=\"container\" data-settings=\"{&quot;background_background&quot;:&quot;classic&quot;,&quot;background_motion_fx_motion_fx_scrolling&quot;:&quot;yes&quot;,&quot;background_motion_fx_translateX_effect&quot;:&quot;yes&quot;,&quot;background_motion_fx_translateX_direction&quot;:&quot;negative&quot;,&quot;background_motion_fx_translateX_speed&quot;:{&quot;unit&quot;:&quot;px&quot;,&quot;size&quot;:8.9,&quot;sizes&quot;:[]},&quot;background_motion_fx_translateX_affectedRange&quot;:{&quot;unit&quot;:&quot;%&quot;,&quot;size&quot;:&quot;&quot;,&quot;sizes&quot;:{&quot;start&quot;:0,&quot;end&quot;:100}},&quot;background_motion_fx_devices&quot;:[&quot;desktop&quot;,&quot;tablet&quot;,&quot;mobile&quot;]}\">\n\t\t<div class=\"elementor-element elementor-element-6d7274c1 e-con-full e-flex e-con e-child\" data-id=\"6d7274c1\" data-element_type=\"container\" data-e-type=\"container\" data-settings=\"{&quot;background_background&quot;:&quot;classic&quot;}\">\n\t\t\t\t<div class=\"elementor-element elementor-element-5d6d6bd5 elementor-widget elementor-widget-heading\" data-id=\"5d6d6bd5\" data-element_type=\"widget\" data-e-type=\"widget\" data-widget_type=\"heading.default\">\n\t\t\t\t\t<h2 class=\"elementor-heading-title elementor-size-default\">Un mus\u00e9e unique en France<\/h2>\t\t\t\t<\/div>\n\t\t\t\t<\/div>\n\t\t\t\t<\/div>\n\t\t<div class=\"elementor-element elementor-element-4d3588b5 e-con-full e-flex e-con e-parent\" data-id=\"4d3588b5\" data-element_type=\"container\" data-e-type=\"container\">\n\t\t<div class=\"elementor-element elementor-element-6e659760 e-con-full e-flex e-con e-child\" data-id=\"6e659760\" data-element_type=\"container\" data-e-type=\"container\" data-settings=\"{&quot;background_background&quot;:&quot;classic&quot;}\">\n\t\t\t\t<div class=\"elementor-element elementor-element-0ad22f7 elementor-widget elementor-widget-spacer\" data-id=\"0ad22f7\" data-element_type=\"widget\" data-e-type=\"widget\" data-widget_type=\"spacer.default\">\n\t\t\t\t\t\t\t<div class=\"elementor-spacer\">\n\t\t\t<div class=\"elementor-spacer-inner\"><\/div>\n\t\t<\/div>\n\t\t\t\t\t\t<\/div>\n\t\t\t\t<div class=\"elementor-element elementor-element-536a3194 elementor-widget elementor-widget-image\" data-id=\"536a3194\" data-element_type=\"widget\" data-e-type=\"widget\" data-widget_type=\"image.default\">\n\t\t\t\t\t\t\t\t\t\t\t\t\t\t\t<img fetchpriority=\"high\" decoding=\"async\" width=\"714\" height=\"423\" src=\"https:\/\/edaction.bigberry.fr\/wp-content\/uploads\/2025\/07\/logositeblcFichier-5.png\" class=\"attachment-large size-large wp-image-131\" alt=\"\" srcset=\"https:\/\/edaction.bigberry.fr\/wp-content\/uploads\/2025\/07\/logositeblcFichier-5.png 714w, https:\/\/edaction.bigberry.fr\/wp-content\/uploads\/2025\/07\/logositeblcFichier-5-300x178.png 300w\" sizes=\"(max-width: 714px) 100vw, 714px\" \/>\t\t\t\t\t\t\t\t\t\t\t\t\t\t\t<\/div>\n\t\t\t\t<div class=\"elementor-element elementor-element-5c1906aa elementor-widget elementor-widget-text-editor\" data-id=\"5c1906aa\" data-element_type=\"widget\" data-e-type=\"widget\" data-widget_type=\"text-editor.default\">\n\t\t\t\t\t\t\t\t\t<p>Place du march\u00e9 36160 Sainte-S\u00e9v\u00e8re<br \/>T\u00e9l. : 02 54 30 21 78<br \/>contact@maisondejourdefete.com<\/p>\t\t\t\t\t\t\t\t<\/div>\n\t\t\t\t<div class=\"elementor-element elementor-element-bf442a2 elementor-widget elementor-widget-facebook-page\" data-id=\"bf442a2\" data-element_type=\"widget\" data-e-type=\"widget\" data-widget_type=\"facebook-page.default\">\n\t\t\t\t\t<div class=\"elementor-facebook-widget fb-page\" data-href=\"https:\/\/www.facebook.com\/maisondejourdefete\" data-tabs=\"timeline\" data-height=\"500px\" data-width=\"500px\" data-small-header=\"false\" data-hide-cover=\"false\" data-show-facepile=\"true\" data-hide-cta=\"false\" style=\"min-height: 1px;height:500px\"><\/div>\t\t\t\t<\/div>\n\t\t\t\t<\/div>\n\t\t<div class=\"elementor-element elementor-element-55b3dc5e e-flex e-con-boxed e-con e-child\" data-id=\"55b3dc5e\" data-element_type=\"container\" data-e-type=\"container\" data-settings=\"{&quot;background_background&quot;:&quot;classic&quot;,&quot;background_motion_fx_motion_fx_scrolling&quot;:&quot;yes&quot;,&quot;background_motion_fx_translateX_effect&quot;:&quot;yes&quot;,&quot;background_motion_fx_translateX_direction&quot;:&quot;negative&quot;,&quot;background_motion_fx_translateX_speed&quot;:{&quot;unit&quot;:&quot;px&quot;,&quot;size&quot;:7.4,&quot;sizes&quot;:[]},&quot;background_motion_fx_translateX_affectedRange&quot;:{&quot;unit&quot;:&quot;%&quot;,&quot;size&quot;:&quot;&quot;,&quot;sizes&quot;:{&quot;start&quot;:0,&quot;end&quot;:100}},&quot;background_motion_fx_devices&quot;:[&quot;desktop&quot;,&quot;tablet&quot;,&quot;mobile&quot;]}\">\n\t\t\t\t\t<div class=\"e-con-inner\">\n\t\t<div class=\"elementor-element elementor-element-4949ff2e e-con-full e-flex e-con e-child\" data-id=\"4949ff2e\" data-element_type=\"container\" data-e-type=\"container\" data-settings=\"{&quot;background_background&quot;:&quot;classic&quot;}\">\n\t\t\t\t<div class=\"elementor-element elementor-element-47737352 elementor-widget elementor-widget-heading\" data-id=\"47737352\" data-element_type=\"widget\" data-e-type=\"widget\" data-widget_type=\"heading.default\">\n\t\t\t\t\t<h2 class=\"elementor-heading-title elementor-size-default\">Visite et sc\u00e9novision<\/h2>\t\t\t\t<\/div>\n\t\t\t\t<div class=\"elementor-element elementor-element-7e2288cd elementor-widget elementor-widget-text-editor\" data-id=\"7e2288cd\" data-element_type=\"widget\" data-e-type=\"widget\" data-widget_type=\"text-editor.default\">\n\t\t\t\t\t\t\t\t\t<p>L\u2019espace d\u2019un instant, vous vous retrouvez au milieu des d\u00e9cors du film, dans un studio de cin\u00e9ma de l\u2019\u00e9poque. L\u2019occasion de comprendre les secrets d\u2019un tournage des ann\u00e9es 50 et de d\u00e9voiler les premiers effets sp\u00e9ciaux\u2026<\/p>\t\t\t\t\t\t\t\t<\/div>\n\t\t\t\t<\/div>\n\t\t\t\t\t<\/div>\n\t\t\t\t<\/div>\n\t\t\t\t<\/div>\n\t\t<div class=\"elementor-element elementor-element-5c525de e-con-full e-flex e-con e-parent\" data-id=\"5c525de\" data-element_type=\"container\" data-e-type=\"container\" data-settings=\"{&quot;background_background&quot;:&quot;classic&quot;,&quot;background_motion_fx_motion_fx_scrolling&quot;:&quot;yes&quot;,&quot;background_motion_fx_translateX_effect&quot;:&quot;yes&quot;,&quot;background_motion_fx_translateX_direction&quot;:&quot;negative&quot;,&quot;background_motion_fx_translateX_speed&quot;:{&quot;unit&quot;:&quot;px&quot;,&quot;size&quot;:8.9,&quot;sizes&quot;:[]},&quot;background_motion_fx_translateX_affectedRange&quot;:{&quot;unit&quot;:&quot;%&quot;,&quot;size&quot;:&quot;&quot;,&quot;sizes&quot;:{&quot;start&quot;:0,&quot;end&quot;:100}},&quot;background_motion_fx_devices&quot;:[&quot;desktop&quot;,&quot;tablet&quot;,&quot;mobile&quot;]}\">\n\t\t<div class=\"elementor-element elementor-element-6d84f80 e-con-full e-flex e-con e-child\" data-id=\"6d84f80\" data-element_type=\"container\" data-e-type=\"container\" data-settings=\"{&quot;background_background&quot;:&quot;classic&quot;}\">\n\t\t\t\t<div class=\"elementor-element elementor-element-ee2ed98 elementor-widget elementor-widget-heading\" data-id=\"ee2ed98\" data-element_type=\"widget\" data-e-type=\"widget\" data-widget_type=\"heading.default\">\n\t\t\t\t\t<h2 class=\"elementor-heading-title elementor-size-default\">Plus qu'une boutique, un voyage dans le temps !<\/h2>\t\t\t\t<\/div>\n\t\t\t\t<\/div>\n\t\t\t\t<\/div>\n\t\t<div class=\"elementor-element elementor-element-f1aa991 e-flex e-con-boxed e-con e-parent\" data-id=\"f1aa991\" data-element_type=\"container\" data-e-type=\"container\" data-settings=\"{&quot;background_background&quot;:&quot;classic&quot;,&quot;background_motion_fx_motion_fx_scrolling&quot;:&quot;yes&quot;,&quot;background_motion_fx_translateX_effect&quot;:&quot;yes&quot;,&quot;background_motion_fx_translateX_direction&quot;:&quot;negative&quot;,&quot;background_motion_fx_translateX_speed&quot;:{&quot;unit&quot;:&quot;px&quot;,&quot;size&quot;:4,&quot;sizes&quot;:[]},&quot;background_motion_fx_translateX_affectedRange&quot;:{&quot;unit&quot;:&quot;%&quot;,&quot;size&quot;:&quot;&quot;,&quot;sizes&quot;:{&quot;start&quot;:0,&quot;end&quot;:100}},&quot;background_motion_fx_devices&quot;:[&quot;desktop&quot;,&quot;tablet&quot;,&quot;mobile&quot;]}\">\n\t\t\t\t\t<div class=\"e-con-inner\">\n\t\t<div class=\"elementor-element elementor-element-61fcab3 e-flex e-con-boxed e-con e-child\" data-id=\"61fcab3\" data-element_type=\"container\" data-e-type=\"container\" data-settings=\"{&quot;background_background&quot;:&quot;classic&quot;}\">\n\t\t\t\t\t<div class=\"e-con-inner\">\n\t\t<div class=\"elementor-element elementor-element-4e60e5d e-con-full e-flex e-con e-child\" data-id=\"4e60e5d\" data-element_type=\"container\" data-e-type=\"container\" data-settings=\"{&quot;background_background&quot;:&quot;classic&quot;}\">\n\t\t\t\t<div class=\"elementor-element elementor-element-6ec86b1 elementor-widget elementor-widget-heading\" data-id=\"6ec86b1\" data-element_type=\"widget\" data-e-type=\"widget\" data-widget_type=\"heading.default\">\n\t\t\t\t\t<h2 class=\"elementor-heading-title elementor-size-default\">La boutique<\/h2>\t\t\t\t<\/div>\n\t\t\t\t<div class=\"elementor-element elementor-element-907e141 elementor-widget elementor-widget-text-editor\" data-id=\"907e141\" data-element_type=\"widget\" data-e-type=\"widget\" data-widget_type=\"text-editor.default\">\n\t\t\t\t\t\t\t\t\t<p>Notre boutique est ouverte aux jours et heures d&rsquo;ouverture de la Maison de Jour de F\u00eate.<\/p><p><strong>Retrouvez les DVD des films de Jacques Tati !<br \/><\/strong>Partez \u00e0 la d\u00e9couverte de Jacques Tati, de ses films et du cin\u00e9ma avec l&rsquo;espace librairie.<br \/>Pour offrir ou pour votre plaisir, nous vous proposons une large gamme de produits d&rsquo;antan, qui enchanteront et \u00e9merveilleront petits et grands.<\/p>\t\t\t\t\t\t\t\t<\/div>\n\t\t\t\t<\/div>\n\t\t<div class=\"elementor-element elementor-element-d687db0 e-con-full e-flex e-con e-child\" data-id=\"d687db0\" data-element_type=\"container\" data-e-type=\"container\">\n\t\t\t\t<div class=\"elementor-element elementor-element-228b435 elementor-widget elementor-widget-spacer\" data-id=\"228b435\" data-element_type=\"widget\" data-e-type=\"widget\" data-widget_type=\"spacer.default\">\n\t\t\t\t\t\t\t<div class=\"elementor-spacer\">\n\t\t\t<div class=\"elementor-spacer-inner\"><\/div>\n\t\t<\/div>\n\t\t\t\t\t\t<\/div>\n\t\t\t\t<\/div>\n\t\t\t\t\t<\/div>\n\t\t\t\t<\/div>\n\t\t\t\t\t<\/div>\n\t\t\t\t<\/div>\n\t\t<div class=\"elementor-element elementor-element-12a4ce5a e-con-full e-flex e-con e-parent\" data-id=\"12a4ce5a\" data-element_type=\"container\" data-e-type=\"container\" data-settings=\"{&quot;background_background&quot;:&quot;classic&quot;,&quot;background_motion_fx_motion_fx_scrolling&quot;:&quot;yes&quot;,&quot;background_motion_fx_translateX_effect&quot;:&quot;yes&quot;,&quot;background_motion_fx_translateX_direction&quot;:&quot;negative&quot;,&quot;background_motion_fx_translateX_speed&quot;:{&quot;unit&quot;:&quot;px&quot;,&quot;size&quot;:8.9,&quot;sizes&quot;:[]},&quot;background_motion_fx_translateX_affectedRange&quot;:{&quot;unit&quot;:&quot;%&quot;,&quot;size&quot;:&quot;&quot;,&quot;sizes&quot;:{&quot;start&quot;:0,&quot;end&quot;:100}},&quot;background_motion_fx_devices&quot;:[&quot;desktop&quot;,&quot;tablet&quot;,&quot;mobile&quot;]}\">\n\t\t<div class=\"elementor-element elementor-element-3c0ce59d e-con-full e-flex e-con e-child\" data-id=\"3c0ce59d\" data-element_type=\"container\" data-e-type=\"container\" data-settings=\"{&quot;background_background&quot;:&quot;classic&quot;}\">\n\t\t\t\t<div class=\"elementor-element elementor-element-45822fd8 elementor-widget elementor-widget-heading\" data-id=\"45822fd8\" data-element_type=\"widget\" data-e-type=\"widget\" data-widget_type=\"heading.default\">\n\t\t\t\t\t<h2 class=\"elementor-heading-title elementor-size-default\">\u00c0 venir<\/h2>\t\t\t\t<\/div>\n\t\t\t\t<\/div>\n\t\t\t\t<\/div>\n\t\t<div class=\"elementor-element elementor-element-17150503 e-flex e-con-boxed e-con e-parent\" data-id=\"17150503\" data-element_type=\"container\" data-e-type=\"container\" data-settings=\"{&quot;background_background&quot;:&quot;classic&quot;}\">\n\t\t\t\t\t<div class=\"e-con-inner\">\n\t\t<div class=\"elementor-element elementor-element-7c7b4112 e-con-full e-flex e-con e-child\" data-id=\"7c7b4112\" data-element_type=\"container\" data-e-type=\"container\">\n\t\t\t\t<div class=\"elementor-element elementor-element-5fbfffb5 elementor-widget elementor-widget-the-events-calendar-addon\" data-id=\"5fbfffb5\" data-element_type=\"widget\" data-e-type=\"widget\" data-widget_type=\"the-events-calendar-addon.default\">\n\t\t\t\t<div class=\"elementor-widget-container\">\n\t\t\t\t\t<!=========Events list Template 1.7.3=========><script type=\"application\/ld+json\">\r\n[{\"@context\":\"http:\/\/schema.org\",\"@type\":\"Event\",\"name\":\"Exposition ext\\u00e9rieure Cin\\u00e9Sand\",\"description\":\"&lt;p&gt;D\\u00e9couvrez l\\\\'exposition \\u00ab Cin\\u00e9Sand \\u00bb, install\\u00e9e \\u00e0 deux pas de la Maison de Jour de F\\u00eate dans la Commune de Sainte-S\\u00e9v\\u00e8re sur Indre. Un lieu embl\\u00e9matique, o\\u00f9 Jacques Tati tourna [&hellip;]&lt;\/p&gt;\\\\n\",\"image\":\"https:\/\/edaction.bigberry.fr\/wp-content\/uploads\/2026\/05\/672686961_2901045943559649_6746200091587164757_n.jpg\",\"url\":\"https:\/\/edaction.bigberry.fr\/?tribe_events=exposition-exterieure-cinesand\",\"eventAttendanceMode\":\"https:\/\/schema.org\/OfflineEventAttendanceMode\",\"eventStatus\":\"https:\/\/schema.org\/EventScheduled\",\"startDate\":\"2026-05-06T08:00:00+02:00\",\"endDate\":\"2026-09-17T17:00:00+02:00\",\"performer\":\"Organization\"},{\"@context\":\"http:\/\/schema.org\",\"@type\":\"Event\",\"name\":\"Conf\\u00e9rence-d\\u00e9bat : \\u00ab\\u00a0Indiana\\u00a0\\u00bb de l&rsquo;\\u00e9cran \\u00e0 la bulle\",\"description\":\"&lt;p&gt;16 Mai \\u00e0 16h00 l\\u2019\\u00e9quipe de la Maison de Jour de F\\u00eate vous attend pour une conf\\u00e9rence-d\\u00e9bat \\u00ab Indiana de l\\u2019\\u00e9cran \\u00e0 la bulle \\u00bb anim\\u00e9e par Claire Le Guillou. [&hellip;]&lt;\/p&gt;\\\\n\",\"image\":\"https:\/\/edaction.bigberry.fr\/wp-content\/uploads\/2026\/05\/684930389_1626736282580906_8124383896253145372_n.jpg\",\"url\":\"https:\/\/edaction.bigberry.fr\/?tribe_events=conference-debat-indiana-de-lecran-a-la-bulle\",\"eventAttendanceMode\":\"https:\/\/schema.org\/OfflineEventAttendanceMode\",\"eventStatus\":\"https:\/\/schema.org\/EventScheduled\",\"startDate\":\"2026-05-16T16:00:00+02:00\",\"endDate\":\"2026-05-16T18:00:00+02:00\",\"location\":{\"@type\":\"Place\",\"name\":\"Salle Sophie Tatischeff\",\"description\":\"\",\"url\":\"\",\"address\":{\"@type\":\"PostalAddress\"},\"telephone\":\"\",\"sameAs\":\"\"},\"performer\":\"Organization\"},{\"@context\":\"http:\/\/schema.org\",\"@type\":\"Event\",\"name\":\"Tati en f\\u00eate &#8211; Festival de courts-m\\u00e9trages humouristiques\",\"description\":\"&lt;p&gt;D\\u00e9couvrez le programme de cette 15\\u00e8me \\u00e9dition !&lt;\/p&gt;\\\\n\",\"image\":\"https:\/\/edaction.bigberry.fr\/wp-content\/uploads\/2026\/05\/505805140_1129999849157969_3925360081004664592_n.jpg\",\"url\":\"https:\/\/edaction.bigberry.fr\/?tribe_events=tati-en-fete-festival-de-courts-metrages-humouristiques\",\"eventAttendanceMode\":\"https:\/\/schema.org\/OfflineEventAttendanceMode\",\"eventStatus\":\"https:\/\/schema.org\/EventScheduled\",\"startDate\":\"2026-08-02T08:00:00+02:00\",\"endDate\":\"2026-08-03T17:00:00+02:00\",\"performer\":\"Organization\"}]\r\n<\/script><div id=\"ectbe-wrapper-5fbfffb5\" class=\"ectbe-wrapper ectbe-list-wrapper style-2\"><div class=\"ectbe-month-header ectbe-simple-event\">mai 2026<\/div><div id=\"event-241\" class=\"ectbe-inner-wrapper ectbe-simple-event\"><div id=\"ectbe-date\" class=\"ectbe-date-area\">\n\t\t\t\t\t\t<span class=\"ectbe-ev-mo\">Mai<\/span>\n\t\t\t\t\t\t<span class=\"ectbe-ev-day\">06<\/span>\n\t\t\t\t\t<\/div><div class=\"ectbe-content-box\"><div class=\"ectbe-date-area\">\n                                <span class=\"ectbe-ev-day\">06<\/span>\n                                <span class=\"ectbe-ev-mo\">mai<\/span>\n                                <span class=\"ectbe-ev-yr\">2026<\/span>\n                                <\/div><div class=\"ectbe-evt-title\"><a class=\"ectbe-evt-url\" href=\"https:\/\/edaction.bigberry.fr\/?tribe_events=exposition-exterieure-cinesand\">Exposition ext\u00e9rieure Cin\u00e9Sand<\/a><\/div><div class=\"ectbe-evt-description\"><p>D\u00e9couvrez l'exposition \u00ab Cin\u00e9Sand \u00bb, install\u00e9e \u00e0 deux pas de la Maison de Jour de F\u00eate dans la Commune de Sainte-S\u00e9v\u00e8re sur Indre. Un lieu embl\u00e9matique, o\u00f9 Jacques Tati tourna [&hellip;]<\/p>\n<\/div><div class=\"ectbe-evt-more-box\"><a class=\"ectbe-evt-read-more\" href=\"https:\/\/edaction.bigberry.fr\/?tribe_events=exposition-exterieure-cinesand\">Find out more<\/a><\/div><\/div><div class=\"ectbe-evt-img\"><img decoding=\"async\" src=\"https:\/\/edaction.bigberry.fr\/wp-content\/uploads\/2026\/05\/672686961_2901045943559649_6746200091587164757_n-757x1024.jpg\" alt=\"\" \/><\/div><\/div><div id=\"event-235\" class=\"ectbe-inner-wrapper ectbe-simple-event\"><div id=\"ectbe-date\" class=\"ectbe-date-area\">\n\t\t\t\t\t\t<span class=\"ectbe-ev-mo\">Mai<\/span>\n\t\t\t\t\t\t<span class=\"ectbe-ev-day\">16<\/span>\n\t\t\t\t\t<\/div><div class=\"ectbe-content-box\"><div class=\"ectbe-date-area\">\n                                <span class=\"ectbe-ev-day\">16<\/span>\n                                <span class=\"ectbe-ev-mo\">mai<\/span>\n                                <span class=\"ectbe-ev-yr\">2026<\/span>\n                                <\/div><div class=\"ectbe-evt-title\"><a class=\"ectbe-evt-url\" href=\"https:\/\/edaction.bigberry.fr\/?tribe_events=conference-debat-indiana-de-lecran-a-la-bulle\">Conf\u00e9rence-d\u00e9bat : \"Indiana\" de l'\u00e9cran \u00e0 la bulle<\/a><\/div><div class=\"ectbe-evt-venue\"><span class=\"ectbe-icon\"><i class=\"ectbe-icon-location\" aria-hidden=\"true\"><\/i><\/span>\n\t\t\t\t\t\t<span class=\"ectbe-venue-details ectbe-address\">Salle Sophie Tatischeff,<br><span class=\"tribe-address\">\n\n\n\n\n\n\n<\/span>\n<\/span><\/div><div class=\"ectbe-evt-description\"><p>16 Mai \u00e0 16h00 l\u2019\u00e9quipe de la Maison de Jour de F\u00eate vous attend pour une conf\u00e9rence-d\u00e9bat \u00ab Indiana de l\u2019\u00e9cran \u00e0 la bulle \u00bb anim\u00e9e par Claire Le Guillou. [&hellip;]<\/p>\n<\/div><div class=\"ectbe-evt-more-box\"><a class=\"ectbe-evt-read-more\" href=\"https:\/\/edaction.bigberry.fr\/?tribe_events=conference-debat-indiana-de-lecran-a-la-bulle\">Find out more<\/a><\/div><\/div><div class=\"ectbe-evt-img\"><img decoding=\"async\" src=\"https:\/\/edaction.bigberry.fr\/wp-content\/uploads\/2026\/05\/684930389_1626736282580906_8124383896253145372_n-683x1024.jpg\" alt=\"\" \/><\/div><\/div><div class=\"ectbe-month-header ectbe-simple-event\">ao\u00fbt 2026<\/div><div id=\"event-243\" class=\"ectbe-inner-wrapper ectbe-simple-event\"><div id=\"ectbe-date\" class=\"ectbe-date-area\">\n\t\t\t\t\t\t<span class=\"ectbe-ev-mo\">Ao\u00fbt<\/span>\n\t\t\t\t\t\t<span class=\"ectbe-ev-day\">02<\/span>\n\t\t\t\t\t<\/div><div class=\"ectbe-content-box\"><div class=\"ectbe-date-area\">\n                                <span class=\"ectbe-ev-day\">02<\/span>\n                                <span class=\"ectbe-ev-mo\">ao\u00fbt<\/span>\n                                <span class=\"ectbe-ev-yr\">2026<\/span>\n                                <\/div><div class=\"ectbe-evt-title\"><a class=\"ectbe-evt-url\" href=\"https:\/\/edaction.bigberry.fr\/?tribe_events=tati-en-fete-festival-de-courts-metrages-humouristiques\">Tati en f\u00eate - Festival de courts-m\u00e9trages humouristiques<\/a><\/div><div class=\"ectbe-evt-description\"><p>D\u00e9couvrez le programme de cette 15\u00e8me \u00e9dition !<\/p>\n<\/div><div class=\"ectbe-evt-more-box\"><a class=\"ectbe-evt-read-more\" href=\"https:\/\/edaction.bigberry.fr\/?tribe_events=tati-en-fete-festival-de-courts-metrages-humouristiques\">Find out more<\/a><\/div><\/div><div class=\"ectbe-evt-img\"><img decoding=\"async\" src=\"https:\/\/edaction.bigberry.fr\/wp-content\/uploads\/2026\/05\/505805140_1129999849157969_3925360081004664592_n-717x1024.jpg\" alt=\"\" \/><\/div><\/div><\/div>\t\t\t\t<\/div>\n\t\t\t\t<\/div>\n\t\t\t\t<\/div>\n\t\t\t\t\t<\/div>\n\t\t\t\t<\/div>\n\t\t\t\t<\/div>\n\t\t","protected":false},"excerpt":{"rendered":"<p>Et si vous entriez dans le film ? Un mus\u00e9e unique en France Place du march\u00e9 36160 Sainte-S\u00e9v\u00e8reT\u00e9l. : 02 54 30 21 78contact@maisondejourdefete.com Visite et sc\u00e9novision L\u2019espace d\u2019un instant, [&hellip;]<\/p>\n","protected":false},"author":1,"featured_media":0,"parent":0,"menu_order":0,"comment_status":"closed","ping_status":"closed","template":"","meta":{"footnotes":""},"class_list":["post-41","page","type-page","status-publish","hentry"],"_links":{"self":[{"href":"https:\/\/edaction.bigberry.fr\/index.php?rest_route=\/wp\/v2\/pages\/41","targetHints":{"allow":["GET"]}}],"collection":[{"href":"https:\/\/edaction.bigberry.fr\/index.php?rest_route=\/wp\/v2\/pages"}],"about":[{"href":"https:\/\/edaction.bigberry.fr\/index.php?rest_route=\/wp\/v2\/types\/page"}],"author":[{"embeddable":true,"href":"https:\/\/edaction.bigberry.fr\/index.php?rest_route=\/wp\/v2\/users\/1"}],"replies":[{"embeddable":true,"href":"https:\/\/edaction.bigberry.fr\/index.php?rest_route=%2Fwp%2Fv2%2Fcomments&post=41"}],"version-history":[{"count":14,"href":"https:\/\/edaction.bigberry.fr\/index.php?rest_route=\/wp\/v2\/pages\/41\/revisions"}],"predecessor-version":[{"id":293,"href":"https:\/\/edaction.bigberry.fr\/index.php?rest_route=\/wp\/v2\/pages\/41\/revisions\/293"}],"wp:attachment":[{"href":"https:\/\/edaction.bigberry.fr\/index.php?rest_route=%2Fwp%2Fv2%2Fmedia&parent=41"}],"curies":[{"name":"wp","href":"https:\/\/api.w.org\/{rel}","templated":true}]}}